{"id":1085,"date":"2018-02-09T15:56:21","date_gmt":"2018-02-09T14:56:21","guid":{"rendered":"https:\/\/waltin.se\/josefinwaltinspinner\/?page_id=1085"},"modified":"2018-02-09T15:56:21","modified_gmt":"2018-02-09T14:56:21","slug":"contact","status":"publish","type":"page","link":"https:\/\/waltin.se\/josefinwaltinspinner\/contact\/","title":{"rendered":"Contact"},"content":{"rendered":"<div class=\"wpforms-container wpforms-container-full\" id=\"wpforms-1084\"><form id=\"wpforms-form-1084\" class=\"wpforms-validate wpforms-form\" data-formid=\"1084\" method=\"post\" enctype=\"multipart\/form-data\" action=\"\/josefinwaltinspinner\/wp-json\/wp\/v2\/pages\/1085\" data-token=\"c6cff8c4701f0f8f0559594bdd3b333a\" data-token-time=\"1776308128\"><noscript class=\"wpforms-error-noscript\">Please enable JavaScript in your browser to complete this form.<\/noscript><div class=\"wpforms-field-container\"><div id=\"wpforms-1084-field_0-container\" class=\"wpforms-field wpforms-field-name\" data-field-id=\"0\"><label class=\"wpforms-field-label\">Name <span class=\"wpforms-required-label\">*<\/span><\/label><div class=\"wpforms-field-row wpforms-field-medium\"><div class=\"wpforms-field-row-block wpforms-first wpforms-one-half\"><input type=\"text\" id=\"wpforms-1084-field_0\" class=\"wpforms-field-name-first wpforms-field-required\" name=\"wpforms[fields][0][first]\" required><label for=\"wpforms-1084-field_0\" class=\"wpforms-field-sublabel after\">First<\/label><\/div><div class=\"wpforms-field-row-block wpforms-one-half\"><input type=\"text\" id=\"wpforms-1084-field_0-last\" class=\"wpforms-field-name-last wpforms-field-required\" name=\"wpforms[fields][0][last]\" required><label for=\"wpforms-1084-field_0-last\" class=\"wpforms-field-sublabel after\">Last<\/label><\/div><\/div><\/div><div id=\"wpforms-1084-field_1-container\" class=\"wpforms-field wpforms-field-email\" data-field-id=\"1\"><label class=\"wpforms-field-label\" for=\"wpforms-1084-field_1\">Email <span class=\"wpforms-required-label\">*<\/span><\/label><input type=\"email\" id=\"wpforms-1084-field_1\" class=\"wpforms-field-medium wpforms-field-required\" name=\"wpforms[fields][1]\" spellcheck=\"false\" required><\/div><div id=\"wpforms-1084-field_2-container\" class=\"wpforms-field wpforms-field-textarea\" data-field-id=\"2\"><label class=\"wpforms-field-label\" for=\"wpforms-1084-field_2\">Comment or Message <span class=\"wpforms-required-label\">*<\/span><\/label><textarea id=\"wpforms-1084-field_2\" class=\"wpforms-field-medium wpforms-field-required\" name=\"wpforms[fields][2]\" required><\/textarea><\/div><\/div><!-- .wpforms-field-container --><div class=\"wpforms-field wpforms-field-hp\"><label for=\"wpforms-1084-field-hp\" class=\"wpforms-field-label\">Phone<\/label><input type=\"text\" name=\"wpforms[hp]\" id=\"wpforms-1084-field-hp\" class=\"wpforms-field-medium\"><\/div><div class=\"wpforms-recaptcha-container wpforms-is-recaptcha wpforms-is-recaptcha-type-invisible\" ><div class=\"g-recaptcha\" data-sitekey=\"6Lc9Y-IUAAAAAE0ce6kZR_WGDfv9zD5oWPkbWbAl\" data-size=\"invisible\"><\/div><\/div><div class=\"wpforms-submit-container\" ><input type=\"hidden\" name=\"wpforms[id]\" value=\"1084\"><input type=\"hidden\" name=\"page_title\" value=\"\"><input type=\"hidden\" name=\"page_url\" value=\"https:\/\/waltin.se\/josefinwaltinspinner\/wp-json\/wp\/v2\/pages\/1085\"><input type=\"hidden\" name=\"url_referer\" value=\"\"><button type=\"submit\" name=\"wpforms[submit]\" id=\"wpforms-submit-1084\" class=\"wpforms-submit\" data-alt-text=\"Sending...\" data-submit-text=\"Submit\" aria-live=\"assertive\" value=\"wpforms-submit\">Submit<\/button><\/div><\/form><\/div>  <!-- .wpforms-container -->\n","protected":false},"excerpt":{"rendered":"","protected":false},"author":2,"featured_media":0,"parent":0,"menu_order":0,"comment_status":"closed","ping_status":"closed","template":"","meta":{"jetpack_post_was_ever_published":false,"footnotes":""},"class_list":["post-1085","page","type-page","status-publish","hentry"],"yoast_head":"<!-- This site is optimized with the Yoast SEO plugin v24.9 - https:\/\/yoast.com\/wordpress\/plugins\/seo\/ -->\n<title>Contact - Josefin Waltin spinner<\/title>\n<meta name=\"robots\" content=\"index, follow, max-snippet:-1, max-image-preview:large, max-video-preview:-1\" \/>\n<link rel=\"canonical\" href=\"https:\/\/waltin.se\/josefinwaltinspinner\/contact\/\" \/>\n<meta property=\"og:locale\" content=\"en_US\" \/>\n<meta property=\"og:type\" content=\"article\" \/>\n<meta property=\"og:title\" content=\"Contact - Josefin Waltin spinner\" \/>\n<meta property=\"og:url\" content=\"https:\/\/waltin.se\/josefinwaltinspinner\/contact\/\" \/>\n<meta property=\"og:site_name\" content=\"Josefin Waltin spinner\" \/>\n<meta name=\"twitter:card\" content=\"summary_large_image\" \/>\n<script type=\"application\/ld+json\" class=\"yoast-schema-graph\">{\"@context\":\"https:\/\/schema.org\",\"@graph\":[{\"@type\":\"WebPage\",\"@id\":\"https:\/\/waltin.se\/josefinwaltinspinner\/contact\/\",\"url\":\"https:\/\/waltin.se\/josefinwaltinspinner\/contact\/\",\"name\":\"Contact - Josefin Waltin spinner\",\"isPartOf\":{\"@id\":\"https:\/\/waltin.se\/josefinwaltinspinner\/#website\"},\"datePublished\":\"2018-02-09T14:56:21+00:00\",\"breadcrumb\":{\"@id\":\"https:\/\/waltin.se\/josefinwaltinspinner\/contact\/#breadcrumb\"},\"inLanguage\":\"en-US\",\"potentialAction\":[{\"@type\":\"ReadAction\",\"target\":[\"https:\/\/waltin.se\/josefinwaltinspinner\/contact\/\"]}]},{\"@type\":\"BreadcrumbList\",\"@id\":\"https:\/\/waltin.se\/josefinwaltinspinner\/contact\/#breadcrumb\",\"itemListElement\":[{\"@type\":\"ListItem\",\"position\":1,\"name\":\"Home\",\"item\":\"https:\/\/waltin.se\/josefinwaltinspinner\/\"},{\"@type\":\"ListItem\",\"position\":2,\"name\":\"Contact\"}]},{\"@type\":\"WebSite\",\"@id\":\"https:\/\/waltin.se\/josefinwaltinspinner\/#website\",\"url\":\"https:\/\/waltin.se\/josefinwaltinspinner\/\",\"name\":\"Josefin Waltin spinner\",\"description\":\"For the love of spinning\",\"publisher\":{\"@id\":\"https:\/\/waltin.se\/josefinwaltinspinner\/#\/schema\/person\/c667208769ee1556d02310bb1722c36f\"},\"potentialAction\":[{\"@type\":\"SearchAction\",\"target\":{\"@type\":\"EntryPoint\",\"urlTemplate\":\"https:\/\/waltin.se\/josefinwaltinspinner\/?s={search_term_string}\"},\"query-input\":{\"@type\":\"PropertyValueSpecification\",\"valueRequired\":true,\"valueName\":\"search_term_string\"}}],\"inLanguage\":\"en-US\"},{\"@type\":[\"Person\",\"Organization\"],\"@id\":\"https:\/\/waltin.se\/josefinwaltinspinner\/#\/schema\/person\/c667208769ee1556d02310bb1722c36f\",\"name\":\"Josefin Waltin\",\"image\":{\"@type\":\"ImageObject\",\"inLanguage\":\"en-US\",\"@id\":\"https:\/\/waltin.se\/josefinwaltinspinner\/#\/schema\/person\/image\/\",\"url\":\"https:\/\/i1.wp.com\/waltin.se\/josefinwaltinspinner\/wp-content\/uploads\/2020\/04\/Film_project_profile-1.jpg?fit=343%2C374&ssl=1\",\"contentUrl\":\"https:\/\/i1.wp.com\/waltin.se\/josefinwaltinspinner\/wp-content\/uploads\/2020\/04\/Film_project_profile-1.jpg?fit=343%2C374&ssl=1\",\"width\":343,\"height\":374,\"caption\":\"Josefin Waltin\"},\"logo\":{\"@id\":\"https:\/\/waltin.se\/josefinwaltinspinner\/#\/schema\/person\/image\/\"},\"sameAs\":[\"https:\/\/waltin.se\/josefinwaltinspinner\"]}]}<\/script>\n<!-- \/ Yoast SEO plugin. -->","yoast_head_json":{"title":"Contact - Josefin Waltin spinner","robots":{"index":"index","follow":"follow","max-snippet":"max-snippet:-1","max-image-preview":"max-image-preview:large","max-video-preview":"max-video-preview:-1"},"canonical":"https:\/\/waltin.se\/josefinwaltinspinner\/contact\/","og_locale":"en_US","og_type":"article","og_title":"Contact - Josefin Waltin spinner","og_url":"https:\/\/waltin.se\/josefinwaltinspinner\/contact\/","og_site_name":"Josefin Waltin spinner","twitter_card":"summary_large_image","schema":{"@context":"https:\/\/schema.org","@graph":[{"@type":"WebPage","@id":"https:\/\/waltin.se\/josefinwaltinspinner\/contact\/","url":"https:\/\/waltin.se\/josefinwaltinspinner\/contact\/","name":"Contact - Josefin Waltin spinner","isPartOf":{"@id":"https:\/\/waltin.se\/josefinwaltinspinner\/#website"},"datePublished":"2018-02-09T14:56:21+00:00","breadcrumb":{"@id":"https:\/\/waltin.se\/josefinwaltinspinner\/contact\/#breadcrumb"},"inLanguage":"en-US","potentialAction":[{"@type":"ReadAction","target":["https:\/\/waltin.se\/josefinwaltinspinner\/contact\/"]}]},{"@type":"BreadcrumbList","@id":"https:\/\/waltin.se\/josefinwaltinspinner\/contact\/#breadcrumb","itemListElement":[{"@type":"ListItem","position":1,"name":"Home","item":"https:\/\/waltin.se\/josefinwaltinspinner\/"},{"@type":"ListItem","position":2,"name":"Contact"}]},{"@type":"WebSite","@id":"https:\/\/waltin.se\/josefinwaltinspinner\/#website","url":"https:\/\/waltin.se\/josefinwaltinspinner\/","name":"Josefin Waltin spinner","description":"For the love of spinning","publisher":{"@id":"https:\/\/waltin.se\/josefinwaltinspinner\/#\/schema\/person\/c667208769ee1556d02310bb1722c36f"},"potentialAction":[{"@type":"SearchAction","target":{"@type":"EntryPoint","urlTemplate":"https:\/\/waltin.se\/josefinwaltinspinner\/?s={search_term_string}"},"query-input":{"@type":"PropertyValueSpecification","valueRequired":true,"valueName":"search_term_string"}}],"inLanguage":"en-US"},{"@type":["Person","Organization"],"@id":"https:\/\/waltin.se\/josefinwaltinspinner\/#\/schema\/person\/c667208769ee1556d02310bb1722c36f","name":"Josefin Waltin","image":{"@type":"ImageObject","inLanguage":"en-US","@id":"https:\/\/waltin.se\/josefinwaltinspinner\/#\/schema\/person\/image\/","url":"https:\/\/i1.wp.com\/waltin.se\/josefinwaltinspinner\/wp-content\/uploads\/2020\/04\/Film_project_profile-1.jpg?fit=343%2C374&ssl=1","contentUrl":"https:\/\/i1.wp.com\/waltin.se\/josefinwaltinspinner\/wp-content\/uploads\/2020\/04\/Film_project_profile-1.jpg?fit=343%2C374&ssl=1","width":343,"height":374,"caption":"Josefin Waltin"},"logo":{"@id":"https:\/\/waltin.se\/josefinwaltinspinner\/#\/schema\/person\/image\/"},"sameAs":["https:\/\/waltin.se\/josefinwaltinspinner"]}]}},"jetpack_sharing_enabled":true,"jetpack_shortlink":"https:\/\/wp.me\/P8HrgO-hv","jetpack-related-posts":[{"id":3002,"url":"https:\/\/waltin.se\/josefinwaltinspinner\/courses-kurser\/","url_meta":{"origin":1085,"position":0},"title":"Courses and lectures","author":"Josefin Waltin","date":"May 17, 2019","format":false,"excerpt":"I provide face-to-face spinning courses in Sweden and online courses, lectures and workshops wherever it suits you. Online courses I have an online school with video-based spinning courses for intermediate to advanced spinners. Comb your wool, short lecture. Be Kind, free five-day challenge Spinn p\u00e5 sl\u00e4nda. Onlinekurs p\u00e5 svenska. Card\u2026","rel":"","context":"Similar post","block_context":{"text":"Similar post","link":""},"img":{"alt_text":"","src":"https:\/\/i0.wp.com\/waltin.se\/josefinwaltinspinner\/wp-content\/uploads\/2018\/09\/IMG_4447.jpg?fit=1000%2C750&ssl=1&resize=350%2C200","width":350,"height":200,"srcset":"https:\/\/i0.wp.com\/waltin.se\/josefinwaltinspinner\/wp-content\/uploads\/2018\/09\/IMG_4447.jpg?fit=1000%2C750&ssl=1&resize=350%2C200 1x, https:\/\/i0.wp.com\/waltin.se\/josefinwaltinspinner\/wp-content\/uploads\/2018\/09\/IMG_4447.jpg?fit=1000%2C750&ssl=1&resize=525%2C300 1.5x, https:\/\/i0.wp.com\/waltin.se\/josefinwaltinspinner\/wp-content\/uploads\/2018\/09\/IMG_4447.jpg?fit=1000%2C750&ssl=1&resize=700%2C400 2x"},"classes":[]}],"_links":{"self":[{"href":"https:\/\/waltin.se\/josefinwaltinspinner\/wp-json\/wp\/v2\/pages\/1085","targetHints":{"allow":["GET"]}}],"collection":[{"href":"https:\/\/waltin.se\/josefinwaltinspinner\/wp-json\/wp\/v2\/pages"}],"about":[{"href":"https:\/\/waltin.se\/josefinwaltinspinner\/wp-json\/wp\/v2\/types\/page"}],"author":[{"embeddable":true,"href":"https:\/\/waltin.se\/josefinwaltinspinner\/wp-json\/wp\/v2\/users\/2"}],"replies":[{"embeddable":true,"href":"https:\/\/waltin.se\/josefinwaltinspinner\/wp-json\/wp\/v2\/comments?post=1085"}],"version-history":[{"count":1,"href":"https:\/\/waltin.se\/josefinwaltinspinner\/wp-json\/wp\/v2\/pages\/1085\/revisions"}],"predecessor-version":[{"id":1086,"href":"https:\/\/waltin.se\/josefinwaltinspinner\/wp-json\/wp\/v2\/pages\/1085\/revisions\/1086"}],"wp:attachment":[{"href":"https:\/\/waltin.se\/josefinwaltinspinner\/wp-json\/wp\/v2\/media?parent=1085"}],"curies":[{"name":"wp","href":"https:\/\/api.w.org\/{rel}","templated":true}]}}