{"id":18,"date":"2017-05-03T19:19:52","date_gmt":"2017-05-03T19:19:52","guid":{"rendered":"https:\/\/waltin.se\/josefinwaltinspinner\/?page_id=18"},"modified":"2026-01-13T15:41:16","modified_gmt":"2026-01-13T14:41:16","slug":"about","status":"publish","type":"page","link":"https:\/\/waltin.se\/josefinwaltinspinner\/about\/","title":{"rendered":"About"},"content":{"rendered":"<section id=\"text-9\" class=\"widget widget_text\" title=\"Shift-click to edit this widget.\" data-customize-partial-id=\"widget[text-9]\" data-customize-partial-type=\"widget\" data-customize-partial-placement-context=\"{&quot;sidebar_id&quot;:&quot;sidebar-3&quot;,&quot;sidebar_instance_number&quot;:1}\" data-customize-widget-id=\"text-9\">\n<div class=\"textwidget\">I am a spinner, spinning teacher, author and crafter of words. My book Listen to the wool was published in November 2025.<\/div>\n<div><img loading=\"lazy\" decoding=\"async\" data-attachment-id=\"1199\" data-permalink=\"https:\/\/waltin.se\/josefinwaltinspinner\/about\/logotype-original-med-text-vinj\/\" data-orig-file=\"https:\/\/waltin.se\/josefinwaltinspinner\/wp-content\/uploads\/2018\/03\/Logotype-original-med-text-vinj.tif\" data-orig-size=\"\" data-comments-opened=\"1\" data-image-meta=\"[]\" data-image-title=\"Logotype original med text vinj\" data-image-description=\"\" data-image-caption=\"\" data-large-file=\"https:\/\/waltin.se\/josefinwaltinspinner\/wp-content\/uploads\/2018\/03\/Logotype-original-med-text-vinj.tif\" class=\"aligncenter wp-image-1199 size-full\" src=\"https:\/\/waltin.se\/josefinwaltinspinner\/wp-content\/uploads\/2018\/03\/Logotype-original-med-text-vinj.tif\" alt=\"\" width=\"1872\" height=\"1245\" \/><\/div>\n<h2>Bio<\/h2>\n<p>I have been knitting since the mid -80&#8217;s and spinning since 2011. I specialize in the process from raw wool to a finished textile. I also have a deep interest in different kinds of spindles. Even if I&#8217;m not active on this blog, the blog archive on this site consists of over 400 posts. Do pop in to my <a href=\"https:\/\/josefinwaltin.substack.com\">digital publication Of Words and Wool<\/a> where I share essay-style writing and some occasional poetry.\u00a0My book <a href=\"https:\/\/www.globepequot.com\/9780811776691\/listen-to-the-wool\/\">Listen to the Wool<\/a> will be published in November 2025.<\/p>\n<h2>Posts, videos and online courses<\/h2>\n<p>In the <a href=\"https:\/\/waltin.se\/josefinwaltinspinner\/blog\/\">blog<\/a> I write mostly about spinning, from both a technical and more of a philosophical perspective. Spinning does so much for me and I like to investigate the spinning process in my blog posts. On my digital publication I write about other topics in more of an essay style. All essays are free, but you are more than welcome to support me on my paid community.<\/p>\n<p>My youtube <a href=\"https:\/\/www.youtube.com\/channel\/UCLBBuYv4kff8RQ_oY-PNEqg?view_as=subscriber\">videos<\/a> are both instructional and documentary style videos. I hope you find something you like.<\/p>\n<p>In my <a href=\"https:\/\/josefinwaltinspinner.teachable.com\">online school<\/a> I offer both free and paid courses to intermediate and advanced spinners.<\/p>\n<p>Also check out my <a href=\"https:\/\/www.instagram.com\/josefinwaltin\/\">Instagram feed.<\/a><\/p>\n<\/section>\n<section id=\"search-4\" class=\"widget widget_search\" title=\"Shift-click to edit this widget.\" data-customize-partial-id=\"widget[search-4]\" data-customize-partial-type=\"widget\" data-customize-partial-placement-context=\"{&quot;sidebar_id&quot;:&quot;sidebar-3&quot;,&quot;sidebar_instance_number&quot;:1}\" data-customize-widget-id=\"search-4\"><\/section>\n\n\n<h2 class=\"wp-block-heading\">Articles and patterns<\/h2>\n\n\n\n<p>Every now and then I write for spinning magazines:<\/p>\n\n\n\n<ul class=\"wp-block-list\">\n<li><a href=\"https:\/\/spinoffmagazine.com\/youtube-videos-handspinning\/\">Old techniques and new technology: A beautiful marriage<\/a>. An article about my video making process. <a href=\"https:\/\/shop.longthreadmedia.com\/products\/spin-off-spring-2018-digital-edition?variant=29318264750114\">Spin-Off magazine spring 2018<\/a>.<\/li>\n\n\n\n<li>Sorting fleeces: A study in Gute and Gotland. In the article I sort and compare fleeces of Gotland and Gute wool. <a href=\"https:\/\/shop.longthreadmedia.com\/products\/spin-off-spring-2019-digital-edition?variant=29318265372706\">Spin-Off magazine spring 2019<\/a><\/li>\n\n\n\n<li><a href=\"https:\/\/spinoffmagazine.com\/twist-analysis-twined-knitting\/?fbclid=IwAR03hMRQKLdh9GuqhOfvC-iChGI9ExF872gq449cGti7cdWAD4oI6duOI_E\">Twist analysis twined knitting<\/a>. How twist can be used as a tool in spinning in general and in twined knitting in particular. <a href=\"https:\/\/shop.longthreadmedia.com\/products\/spin-off-fall-2019?variant=29574103236642\">Spin-Off magazine fall 2019<\/a><\/li>\n\n\n\n<li><a href=\"https:\/\/www.ravelry.com\/patterns\/library\/heartwarming-mitts\">Heartwarming mitts<\/a>. Pattern for twined knitting half-mitts using handspun Z-plied yarn. <a href=\"https:\/\/shop.longthreadmedia.com\/products\/spin-off-fall-2019?variant=29574103236642\">Spin-Off magazine fall 2019<\/a><\/li>\n\n\n\n<li><a href=\"https:\/\/www.ravelry.com\/patterns\/library\/selma-margau-sweater\">Selma Margau<\/a>. A pattern for a cabled bottom-up sweater with raglan shaping. <a href=\"https:\/\/shop.longthreadmedia.com\/products\/spin-off-summer-2020\">Spin-Off magazine summer 2020<\/a><\/li>\n\n\n\n<li>The Flick. All about an important pice of the supported spindle spinning puzzle. <a href=\"https:\/\/plymagazine.com\/product\/supported-spindle-summer-20\/\">PLY magazine summer 2020, the supported spindle issue<\/a>.<\/li>\n\n\n\n<li><a href=\"https:\/\/shop.longthreadmedia.com\/products\/spin-off-fall-2020?_pos=13&amp;_sid=0bfd6c541&amp;_ss=r&amp;variant=31888978575402\">Sliding hooks and textile heritage<\/a>, article in Spin-Off magazine Autumn 2020.<\/li>\n\n\n\n<li><a href=\"https:\/\/waltin.se\/josefinwaltinspinner\/knit-spin-sweden\/\">Knit (spin) Sweden!<\/a> Book by Sara Wolf, with me as a co-writer. Get it at <a href=\"https:\/\/cooperativepress.com\/collections\/latest-releases\/products\/knit-spin-sweden-preorder\">Cooperative press<\/a> in the U.S., <a href=\"https:\/\/www.amazon.com\/Knit-Spin-Sweden-Sara-Wolf\/dp\/1937513947\/ref=sr_1_1?dchild=1&amp;keywords=knit+%28spin+%29+sweden&amp;qid=1613644072&amp;sr=8-1\">Amazon in the U.S<\/a>., <a href=\"https:\/\/www.amazon.co.uk\/Knit-Spin-Sweden-Sara-Wolf\/dp\/1937513947\">Amazon UK<\/a>, <a href=\"https:\/\/www.amazon.de\/Knit-Spin-Sweden-Sara-Wolf\/dp\/1937513947\/ref=sr_1_1?__mk_de_DE=\u00c5M\u00c5\u017d\u00d5\u00d1&amp;dchild=1&amp;keywords=waltin&amp;qid=1613644224&amp;sr=8-1\">Amazon Germany<\/a>, <a href=\"https:\/\/www.bookdepository.com\/Knit-Spin-Sweden-Sara-J-Wolf\/9781937513948?ref=grid-view&amp;qid=1613643703384&amp;sr=1-7\">Book depository<\/a> in the E.U., and <a href=\"https:\/\/www.adlibris.com\/se\/bok\/knit-spin-sweden-9781937513948\">Adlibris<\/a>, <a href=\"https:\/\/www.akademibokhandeln.se\/bok\/knit-spin-sweden\/9781937513948\/\">Akademibokhandeln<\/a> and <a href=\"https:\/\/www.bokus.com\/bok\/9781937513948\/knit-spin-sweden\/\">Bokus<\/a> in Sweden. On all the Amazon options you can look inside the book and read the first few pages, including Sara&#8217;s and my introductions.<\/li>\n\n\n\n<li><a href=\"https:\/\/shop.longthreadmedia.com\/products\/spin-off-spring-2022\">Cecilia&#8217;s bosom friend<\/a>. Shawl pattern in a tuck stitch structure using two different colour singles spun in different directions.<\/li>\n\n\n\n<li>Knitting with linen, article in <a href=\"https:\/\/shop.longthreadmedia.com\/products\/spin-off-summer-2024\">Spin-Off magazine Summer 2024<\/a>.<\/li>\n<\/ul>\n\n\n\n<h2 class=\"wp-block-heading\">Podcasts and interviews<\/h2>\n\n\n\n<ul class=\"wp-block-list\">\n<li><a href=\"https:\/\/www.youtube.com\/watch?v=gb8YUN_TfDw&amp;t=4s\">The livestock conservancy<\/a>, October 2022<\/li>\n\n\n\n<li><a href=\"https:\/\/folkcraftrevival.com\/36-2\/\">Folk craft revival podcast<\/a>, November 2022<\/li>\n\n\n\n<li><a href=\"https:\/\/afiberlife.com\/episode-6-the-journey-is-the-reward\/\">A fiber life podcast<\/a>, April 2023<\/li>\n\n\n\n<li><a href=\"https:\/\/spinoffmagazine.com\/long-thread-podcast-josefin-waltin\/?action=preview\">Long Thread Media podcast<\/a>, May 2023<\/li>\n<\/ul>\n","protected":false},"excerpt":{"rendered":"<p>I am a spinner, spinning teacher, author and crafter of words. My book Listen to the wool was published in November 2025. Bio I have been knitting since the mid -80&#8217;s and spinning since 2011. I specialize in the process from raw wool to a finished textile. I also have a deep interest in different &hellip; <\/p>\n<p class=\"link-more\"><a href=\"https:\/\/waltin.se\/josefinwaltinspinner\/about\/\" class=\"more-link\">Continue reading<span class=\"screen-reader-text\"> &#8220;About&#8221;<\/span><\/a><\/p>\n","protected":false},"author":1,"featured_media":0,"parent":0,"menu_order":0,"comment_status":"closed","ping_status":"closed","template":"","meta":{"jetpack_post_was_ever_published":false,"footnotes":""},"class_list":["post-18","page","type-page","status-publish","hentry"],"yoast_head":"<!-- This site is optimized with the Yoast SEO plugin v24.9 - https:\/\/yoast.com\/wordpress\/plugins\/seo\/ -->\n<title>About - Josefin Waltin spinner<\/title>\n<meta name=\"robots\" content=\"index, follow, max-snippet:-1, max-image-preview:large, max-video-preview:-1\" \/>\n<link rel=\"canonical\" href=\"https:\/\/waltin.se\/josefinwaltinspinner\/about\/\" \/>\n<meta property=\"og:locale\" content=\"en_US\" \/>\n<meta property=\"og:type\" content=\"article\" \/>\n<meta property=\"og:title\" content=\"About - Josefin Waltin spinner\" \/>\n<meta property=\"og:description\" content=\"I am a spinner, spinning teacher, author and crafter of words. My book Listen to the wool was published in November 2025. Bio I have been knitting since the mid -80&#8217;s and spinning since 2011. I specialize in the process from raw wool to a finished textile. I also have a deep interest in different &hellip; Continue reading &quot;About&quot;\" \/>\n<meta property=\"og:url\" content=\"https:\/\/waltin.se\/josefinwaltinspinner\/about\/\" \/>\n<meta property=\"og:site_name\" content=\"Josefin Waltin spinner\" \/>\n<meta property=\"article:modified_time\" content=\"2026-01-13T14:41:16+00:00\" \/>\n<meta name=\"twitter:card\" content=\"summary_large_image\" \/>\n<meta name=\"twitter:label1\" content=\"Est. reading time\" \/>\n\t<meta name=\"twitter:data1\" content=\"3 minutes\" \/>\n<script type=\"application\/ld+json\" class=\"yoast-schema-graph\">{\"@context\":\"https:\/\/schema.org\",\"@graph\":[{\"@type\":\"WebPage\",\"@id\":\"https:\/\/waltin.se\/josefinwaltinspinner\/about\/\",\"url\":\"https:\/\/waltin.se\/josefinwaltinspinner\/about\/\",\"name\":\"About - Josefin Waltin spinner\",\"isPartOf\":{\"@id\":\"https:\/\/waltin.se\/josefinwaltinspinner\/#website\"},\"primaryImageOfPage\":{\"@id\":\"https:\/\/waltin.se\/josefinwaltinspinner\/about\/#primaryimage\"},\"image\":{\"@id\":\"https:\/\/waltin.se\/josefinwaltinspinner\/about\/#primaryimage\"},\"thumbnailUrl\":\"https:\/\/waltin.se\/josefinwaltinspinner\/wp-content\/uploads\/2018\/03\/Logotype-original-med-text-vinj.tif\",\"datePublished\":\"2017-05-03T19:19:52+00:00\",\"dateModified\":\"2026-01-13T14:41:16+00:00\",\"breadcrumb\":{\"@id\":\"https:\/\/waltin.se\/josefinwaltinspinner\/about\/#breadcrumb\"},\"inLanguage\":\"en-US\",\"potentialAction\":[{\"@type\":\"ReadAction\",\"target\":[\"https:\/\/waltin.se\/josefinwaltinspinner\/about\/\"]}]},{\"@type\":\"ImageObject\",\"inLanguage\":\"en-US\",\"@id\":\"https:\/\/waltin.se\/josefinwaltinspinner\/about\/#primaryimage\",\"url\":\"https:\/\/waltin.se\/josefinwaltinspinner\/wp-content\/uploads\/2018\/03\/Logotype-original-med-text-vinj.tif\",\"contentUrl\":\"https:\/\/waltin.se\/josefinwaltinspinner\/wp-content\/uploads\/2018\/03\/Logotype-original-med-text-vinj.tif\"},{\"@type\":\"BreadcrumbList\",\"@id\":\"https:\/\/waltin.se\/josefinwaltinspinner\/about\/#breadcrumb\",\"itemListElement\":[{\"@type\":\"ListItem\",\"position\":1,\"name\":\"Home\",\"item\":\"https:\/\/waltin.se\/josefinwaltinspinner\/\"},{\"@type\":\"ListItem\",\"position\":2,\"name\":\"About\"}]},{\"@type\":\"WebSite\",\"@id\":\"https:\/\/waltin.se\/josefinwaltinspinner\/#website\",\"url\":\"https:\/\/waltin.se\/josefinwaltinspinner\/\",\"name\":\"Josefin Waltin spinner\",\"description\":\"For the love of spinning\",\"publisher\":{\"@id\":\"https:\/\/waltin.se\/josefinwaltinspinner\/#\/schema\/person\/c667208769ee1556d02310bb1722c36f\"},\"potentialAction\":[{\"@type\":\"SearchAction\",\"target\":{\"@type\":\"EntryPoint\",\"urlTemplate\":\"https:\/\/waltin.se\/josefinwaltinspinner\/?s={search_term_string}\"},\"query-input\":{\"@type\":\"PropertyValueSpecification\",\"valueRequired\":true,\"valueName\":\"search_term_string\"}}],\"inLanguage\":\"en-US\"},{\"@type\":[\"Person\",\"Organization\"],\"@id\":\"https:\/\/waltin.se\/josefinwaltinspinner\/#\/schema\/person\/c667208769ee1556d02310bb1722c36f\",\"name\":\"Josefin Waltin\",\"image\":{\"@type\":\"ImageObject\",\"inLanguage\":\"en-US\",\"@id\":\"https:\/\/waltin.se\/josefinwaltinspinner\/#\/schema\/person\/image\/\",\"url\":\"https:\/\/i1.wp.com\/waltin.se\/josefinwaltinspinner\/wp-content\/uploads\/2020\/04\/Film_project_profile-1.jpg?fit=343%2C374&ssl=1\",\"contentUrl\":\"https:\/\/i1.wp.com\/waltin.se\/josefinwaltinspinner\/wp-content\/uploads\/2020\/04\/Film_project_profile-1.jpg?fit=343%2C374&ssl=1\",\"width\":343,\"height\":374,\"caption\":\"Josefin Waltin\"},\"logo\":{\"@id\":\"https:\/\/waltin.se\/josefinwaltinspinner\/#\/schema\/person\/image\/\"},\"sameAs\":[\"https:\/\/waltin.se\/josefinwaltinspinner\"]}]}<\/script>\n<!-- \/ Yoast SEO plugin. -->","yoast_head_json":{"title":"About - Josefin Waltin spinner","robots":{"index":"index","follow":"follow","max-snippet":"max-snippet:-1","max-image-preview":"max-image-preview:large","max-video-preview":"max-video-preview:-1"},"canonical":"https:\/\/waltin.se\/josefinwaltinspinner\/about\/","og_locale":"en_US","og_type":"article","og_title":"About - Josefin Waltin spinner","og_description":"I am a spinner, spinning teacher, author and crafter of words. My book Listen to the wool was published in November 2025. Bio I have been knitting since the mid -80&#8217;s and spinning since 2011. I specialize in the process from raw wool to a finished textile. I also have a deep interest in different &hellip; Continue reading \"About\"","og_url":"https:\/\/waltin.se\/josefinwaltinspinner\/about\/","og_site_name":"Josefin Waltin spinner","article_modified_time":"2026-01-13T14:41:16+00:00","twitter_card":"summary_large_image","twitter_misc":{"Est. reading time":"3 minutes"},"schema":{"@context":"https:\/\/schema.org","@graph":[{"@type":"WebPage","@id":"https:\/\/waltin.se\/josefinwaltinspinner\/about\/","url":"https:\/\/waltin.se\/josefinwaltinspinner\/about\/","name":"About - Josefin Waltin spinner","isPartOf":{"@id":"https:\/\/waltin.se\/josefinwaltinspinner\/#website"},"primaryImageOfPage":{"@id":"https:\/\/waltin.se\/josefinwaltinspinner\/about\/#primaryimage"},"image":{"@id":"https:\/\/waltin.se\/josefinwaltinspinner\/about\/#primaryimage"},"thumbnailUrl":"https:\/\/waltin.se\/josefinwaltinspinner\/wp-content\/uploads\/2018\/03\/Logotype-original-med-text-vinj.tif","datePublished":"2017-05-03T19:19:52+00:00","dateModified":"2026-01-13T14:41:16+00:00","breadcrumb":{"@id":"https:\/\/waltin.se\/josefinwaltinspinner\/about\/#breadcrumb"},"inLanguage":"en-US","potentialAction":[{"@type":"ReadAction","target":["https:\/\/waltin.se\/josefinwaltinspinner\/about\/"]}]},{"@type":"ImageObject","inLanguage":"en-US","@id":"https:\/\/waltin.se\/josefinwaltinspinner\/about\/#primaryimage","url":"https:\/\/waltin.se\/josefinwaltinspinner\/wp-content\/uploads\/2018\/03\/Logotype-original-med-text-vinj.tif","contentUrl":"https:\/\/waltin.se\/josefinwaltinspinner\/wp-content\/uploads\/2018\/03\/Logotype-original-med-text-vinj.tif"},{"@type":"BreadcrumbList","@id":"https:\/\/waltin.se\/josefinwaltinspinner\/about\/#breadcrumb","itemListElement":[{"@type":"ListItem","position":1,"name":"Home","item":"https:\/\/waltin.se\/josefinwaltinspinner\/"},{"@type":"ListItem","position":2,"name":"About"}]},{"@type":"WebSite","@id":"https:\/\/waltin.se\/josefinwaltinspinner\/#website","url":"https:\/\/waltin.se\/josefinwaltinspinner\/","name":"Josefin Waltin spinner","description":"For the love of spinning","publisher":{"@id":"https:\/\/waltin.se\/josefinwaltinspinner\/#\/schema\/person\/c667208769ee1556d02310bb1722c36f"},"potentialAction":[{"@type":"SearchAction","target":{"@type":"EntryPoint","urlTemplate":"https:\/\/waltin.se\/josefinwaltinspinner\/?s={search_term_string}"},"query-input":{"@type":"PropertyValueSpecification","valueRequired":true,"valueName":"search_term_string"}}],"inLanguage":"en-US"},{"@type":["Person","Organization"],"@id":"https:\/\/waltin.se\/josefinwaltinspinner\/#\/schema\/person\/c667208769ee1556d02310bb1722c36f","name":"Josefin Waltin","image":{"@type":"ImageObject","inLanguage":"en-US","@id":"https:\/\/waltin.se\/josefinwaltinspinner\/#\/schema\/person\/image\/","url":"https:\/\/i1.wp.com\/waltin.se\/josefinwaltinspinner\/wp-content\/uploads\/2020\/04\/Film_project_profile-1.jpg?fit=343%2C374&ssl=1","contentUrl":"https:\/\/i1.wp.com\/waltin.se\/josefinwaltinspinner\/wp-content\/uploads\/2020\/04\/Film_project_profile-1.jpg?fit=343%2C374&ssl=1","width":343,"height":374,"caption":"Josefin Waltin"},"logo":{"@id":"https:\/\/waltin.se\/josefinwaltinspinner\/#\/schema\/person\/image\/"},"sameAs":["https:\/\/waltin.se\/josefinwaltinspinner"]}]}},"jetpack_sharing_enabled":true,"jetpack_shortlink":"https:\/\/wp.me\/P8HrgO-i","jetpack-related-posts":[{"id":737,"url":"https:\/\/waltin.se\/josefinwaltinspinner\/bio\/","url_meta":{"origin":18,"position":0},"title":"Bio","author":"Josefin Waltin","date":"January 9, 2018","format":false,"excerpt":"I have been knitting since the mid -80's and spinning since 2011. I learned that tons of Swedish wool is wasted or burnt, while at the same time we are importing thousands of tons of merino wool from Australia and New Zealand. So my woolly heart felt a responsibility to\u2026","rel":"","context":"Similar post","block_context":{"text":"Similar post","link":""},"img":{"alt_text":"","src":"","width":0,"height":0},"classes":[]},{"id":2360,"url":"https:\/\/waltin.se\/josefinwaltinspinner\/where-to-find-me\/","url_meta":{"origin":18,"position":1},"title":"Where to find me","author":"Josefin Waltin","date":"January 1, 2019","format":false,"excerpt":"Book: Listen to the Wool Digital publication Of Words and Wool Online spinning courses Spinning courses in Sweden Spinning blog archive Spinning videos Donate to the Center for traditional textiles in Cusco, Peru","rel":"","context":"Similar post","block_context":{"text":"Similar post","link":""},"img":{"alt_text":"","src":"https:\/\/i0.wp.com\/waltin.se\/josefinwaltinspinner\/wp-content\/uploads\/2018\/07\/Logotype-original-med-text-vinj-150px.jpg?resize=350%2C200&ssl=1","width":350,"height":200},"classes":[]},{"id":11666,"url":"https:\/\/waltin.se\/josefinwaltinspinner\/book-listen-to-the-wool\/","url_meta":{"origin":18,"position":2},"title":"Book: Listen to the Wool","author":"Josefin Waltin","date":"May 7, 2025","format":false,"excerpt":"My book Listen to the Wool published in November 2025 Order now! Barnes & Noble U.S. Amazon U.S. Waterstones UK Libristo EU Woodslane Australia\u00a0and New Zealand Rest of world,\u00a0IPS, email their\u00a0customer care. In Sweden: Akademibokhandeln Adlibris Bokus Photo by Dan Waltin Photo by Dan Waltin Listen to the Wool is\u2026","rel":"","context":"Similar post","block_context":{"text":"Similar post","link":""},"img":{"alt_text":"","src":"https:\/\/i0.wp.com\/waltin.se\/josefinwaltinspinner\/wp-content\/uploads\/2025\/05\/ListentotheWool_CVR_Rev.jpg?fit=576%2C720&ssl=1&resize=350%2C200","width":350,"height":200,"srcset":"https:\/\/i0.wp.com\/waltin.se\/josefinwaltinspinner\/wp-content\/uploads\/2025\/05\/ListentotheWool_CVR_Rev.jpg?fit=576%2C720&ssl=1&resize=350%2C200 1x, https:\/\/i0.wp.com\/waltin.se\/josefinwaltinspinner\/wp-content\/uploads\/2025\/05\/ListentotheWool_CVR_Rev.jpg?fit=576%2C720&ssl=1&resize=525%2C300 1.5x"},"classes":[]},{"id":3311,"url":"https:\/\/waltin.se\/josefinwaltinspinner\/video-directory-for-patrons\/","url_meta":{"origin":18,"position":3},"title":"Video library for patrons","author":"Josefin Waltin","date":"July 24, 2019","format":false,"excerpt":"In this library I list my videos after spinning technique, tool or other aspect. There is also a section with videos from other makers, that I find interesting and educational. This is a reward exclusively for patrons. Please don't share the link. Breed study webinars Gute wool Gotland wool Dalap\u00e4ls\u2026","rel":"","context":"Similar post","block_context":{"text":"Similar post","link":""},"img":{"alt_text":"","src":"https:\/\/i0.wp.com\/waltin.se\/josefinwaltinspinner\/wp-content\/uploads\/2017\/05\/Ulltavla.jpg?fit=1000%2C1000&ssl=1&resize=350%2C200","width":350,"height":200,"srcset":"https:\/\/i0.wp.com\/waltin.se\/josefinwaltinspinner\/wp-content\/uploads\/2017\/05\/Ulltavla.jpg?fit=1000%2C1000&ssl=1&resize=350%2C200 1x, https:\/\/i0.wp.com\/waltin.se\/josefinwaltinspinner\/wp-content\/uploads\/2017\/05\/Ulltavla.jpg?fit=1000%2C1000&ssl=1&resize=525%2C300 1.5x, https:\/\/i0.wp.com\/waltin.se\/josefinwaltinspinner\/wp-content\/uploads\/2017\/05\/Ulltavla.jpg?fit=1000%2C1000&ssl=1&resize=700%2C400 2x"},"classes":[]},{"id":732,"url":"https:\/\/waltin.se\/josefinwaltinspinner\/videos\/","url_meta":{"origin":18,"position":4},"title":"Videos","author":"Josefin Waltin","date":"January 9, 2018","format":false,"excerpt":"Come visit my YouTube channel! I make videos about spinning and wool processing in both documentary and instructional style.","rel":"","context":"Similar post","block_context":{"text":"Similar post","link":""},"img":{"alt_text":"","src":"","width":0,"height":0},"classes":[]},{"id":3002,"url":"https:\/\/waltin.se\/josefinwaltinspinner\/courses-kurser\/","url_meta":{"origin":18,"position":5},"title":"Courses and lectures","author":"Josefin Waltin","date":"May 17, 2019","format":false,"excerpt":"I provide face-to-face spinning courses in Sweden and online courses, lectures and workshops wherever it suits you. Online courses I have an online school with video-based spinning courses for intermediate to advanced spinners. Comb your wool, short lecture. Be Kind, free five-day challenge Spinn p\u00e5 sl\u00e4nda. Onlinekurs p\u00e5 svenska. Card\u2026","rel":"","context":"Similar post","block_context":{"text":"Similar post","link":""},"img":{"alt_text":"","src":"https:\/\/i0.wp.com\/waltin.se\/josefinwaltinspinner\/wp-content\/uploads\/2018\/09\/IMG_4447.jpg?fit=1000%2C750&ssl=1&resize=350%2C200","width":350,"height":200,"srcset":"https:\/\/i0.wp.com\/waltin.se\/josefinwaltinspinner\/wp-content\/uploads\/2018\/09\/IMG_4447.jpg?fit=1000%2C750&ssl=1&resize=350%2C200 1x, https:\/\/i0.wp.com\/waltin.se\/josefinwaltinspinner\/wp-content\/uploads\/2018\/09\/IMG_4447.jpg?fit=1000%2C750&ssl=1&resize=525%2C300 1.5x, https:\/\/i0.wp.com\/waltin.se\/josefinwaltinspinner\/wp-content\/uploads\/2018\/09\/IMG_4447.jpg?fit=1000%2C750&ssl=1&resize=700%2C400 2x"},"classes":[]}],"_links":{"self":[{"href":"https:\/\/waltin.se\/josefinwaltinspinner\/wp-json\/wp\/v2\/pages\/18","targetHints":{"allow":["GET"]}}],"collection":[{"href":"https:\/\/waltin.se\/josefinwaltinspinner\/wp-json\/wp\/v2\/pages"}],"about":[{"href":"https:\/\/waltin.se\/josefinwaltinspinner\/wp-json\/wp\/v2\/types\/page"}],"author":[{"embeddable":true,"href":"https:\/\/waltin.se\/josefinwaltinspinner\/wp-json\/wp\/v2\/users\/1"}],"replies":[{"embeddable":true,"href":"https:\/\/waltin.se\/josefinwaltinspinner\/wp-json\/wp\/v2\/comments?post=18"}],"version-history":[{"count":30,"href":"https:\/\/waltin.se\/josefinwaltinspinner\/wp-json\/wp\/v2\/pages\/18\/revisions"}],"predecessor-version":[{"id":11826,"href":"https:\/\/waltin.se\/josefinwaltinspinner\/wp-json\/wp\/v2\/pages\/18\/revisions\/11826"}],"wp:attachment":[{"href":"https:\/\/waltin.se\/josefinwaltinspinner\/wp-json\/wp\/v2\/media?parent=18"}],"curies":[{"name":"wp","href":"https:\/\/api.w.org\/{rel}","templated":true}]}}